{"id":3765,"date":"2022-11-03T11:19:59","date_gmt":"2022-11-03T11:19:59","guid":{"rendered":"https:\/\/autovoorraad.nl\/politique-de-confidentialite\/"},"modified":"2023-01-03T13:38:14","modified_gmt":"2023-01-03T13:38:14","slug":"politique-de-confidentialite","status":"publish","type":"page","link":"https:\/\/autovoorraad.nl\/fr\/politique-de-confidentialite\/","title":{"rendered":"Politique de confidentialit\u00e9"},"content":{"rendered":"<p><div class=\"fusion-fullwidth fullwidth-box fusion-builder-row-1 fusion-flex-container has-pattern-background has-mask-background fusion-parallax-none hundred-percent-fullwidth non-hundred-percent-height-scrolling\" style=\"--awb-background-position:left top;--awb-border-radius-top-left:0px;--awb-border-radius-top-right:0px;--awb-border-radius-bottom-right:0px;--awb-border-radius-bottom-left:0px;--awb-margin-top:-100px;--awb-margin-bottom:20px;--awb-background-color:var(--awb-color4);--awb-background-image:url(&quot;https:\/\/autovoorraad.nl\/wp-content\/uploads\/2021\/12\/bg-design-footer.png&quot;);--awb-background-size:cover;--awb-flex-wrap:wrap;\" ><div class=\"fusion-builder-row fusion-row fusion-flex-align-items-center fusion-flex-content-wrap\" style=\"width:calc( 100% + 0px ) !important;max-width:calc( 100% + 0px ) !important;margin-left: calc(-0px \/ 2 );margin-right: calc(-0px \/ 2 );\"><div class=\"fusion-layout-column fusion_builder_column fusion-builder-column-0 fusion_builder_column_1_1 1_1 fusion-flex-column\" style=\"--awb-padding-top:18px;--awb-padding-bottom:18px;--awb-bg-size:cover;--awb-width-large:100%;--awb-margin-top-large:0px;--awb-spacing-right-large:0px;--awb-margin-bottom-large:0px;--awb-spacing-left-large:0px;--awb-width-medium:100%;--awb-order-medium:0;--awb-spacing-right-medium:0px;--awb-spacing-left-medium:0px;--awb-width-small:100%;--awb-order-small:0;--awb-spacing-right-small:0px;--awb-spacing-left-small:0px;\"><div class=\"fusion-column-wrapper fusion-column-has-shadow fusion-flex-justify-content-center fusion-content-layout-row fusion-flex-align-items-center\"><\/div><\/div><\/div><\/div><div class=\"fusion-fullwidth fullwidth-box fusion-builder-row-2 fusion-flex-container has-pattern-background has-mask-background nonhundred-percent-fullwidth non-hundred-percent-height-scrolling\" style=\"--awb-border-radius-top-left:0px;--awb-border-radius-top-right:0px;--awb-border-radius-bottom-right:0px;--awb-border-radius-bottom-left:0px;--awb-padding-right:0px;--awb-padding-left:0px;--awb-margin-top:100px;--awb-margin-bottom:100px;--awb-flex-wrap:wrap;\" ><div class=\"fusion-builder-row fusion-row fusion-flex-align-items-flex-start fusion-flex-content-wrap\" style=\"max-width:calc( 1340px + 0px );margin-left: calc(-0px \/ 2 );margin-right: calc(-0px \/ 2 );\"><div class=\"fusion-layout-column fusion_builder_column fusion-builder-column-1 fusion_builder_column_1_1 1_1 fusion-flex-column\" style=\"--awb-bg-size:cover;--awb-width-large:100%;--awb-margin-top-large:0px;--awb-spacing-right-large:0px;--awb-margin-bottom-large:0px;--awb-spacing-left-large:0px;--awb-width-medium:100%;--awb-order-medium:0;--awb-spacing-right-medium:0px;--awb-spacing-left-medium:0px;--awb-width-small:100%;--awb-order-small:0;--awb-spacing-right-small:0px;--awb-spacing-left-small:0px;\"><div class=\"fusion-column-wrapper fusion-column-has-shadow fusion-flex-justify-content-flex-start fusion-content-layout-column\"><div class=\"fusion-text fusion-text-1\"><p>Autobedrijf Heijne respecte votre vie priv\u00e9e et se conforme aux r\u00e8gles \u00e9tablies par l&rsquo;AVG. Si vous fournissez des donn\u00e9es personnelles \u00e0\u00a0 Autobedrijf Heijne, par exemple pour prendre un rendez-vous \u00e0\u00a0 l&rsquo;atelier, nous utiliserons vos donn\u00e9es personnelles pour traiter votre demande ou votre requ\u00eate.<\/p>\n<p>Vos donn\u00e9es personnelles ne seront pas utilis\u00e9es \u00e0\u00a0 d&rsquo;autres fins que celles indiqu\u00e9es ci-dessus. Autobedrijf Heijne ne transmettra les donn\u00e9es personnelles que vous avez fournies \u00e0\u00a0 des tiers que si cela est n\u00e9cessaire pour traiter votre achat ou votre demande d&rsquo;information. Dans les autres cas, Autobedrijf Heijne ne transmettra pas vos donn\u00e9es personnelles \u00e0\u00a0 d&rsquo;autres parties, \u00e0\u00a0 moins que vous n&rsquo;ayez donn\u00e9 votre consentement expr\u00e8s \u00e0\u00a0 cet effet.<\/p>\n<p>Autobedrijf Heijne peut utiliser des cookies pour collecter des donn\u00e9es statistiques relatives aux visites de ce site web. Les cookies ne peuvent pas \u00eatre utilis\u00e9s pour identifier des personnes. Vous pouvez configurer votre ordinateur pour qu&rsquo;il n&rsquo;accepte pas les cookies.<\/p>\n<p>Pour consulter la d\u00e9claration de confidentialit\u00e9 de notre entreprise, veuillez nous contacter par t\u00e9l\u00e9phone ou nous envoyer un courriel.<\/p>\n<\/div><\/div><\/div><\/div><\/div><\/p>\n","protected":false},"excerpt":{"rendered":"","protected":false},"author":1,"featured_media":3356,"parent":0,"menu_order":0,"comment_status":"closed","ping_status":"closed","template":"100-width.php","meta":{"footnotes":""},"class_list":["post-3765","page","type-page","status-publish","has-post-thumbnail","hentry"],"acf":[],"yoast_head":"<!-- This site is optimized with the Yoast SEO plugin v26.8 - https:\/\/yoast.com\/product\/yoast-seo-wordpress\/ -->\n<title>Politique de confidentialit\u00e9 - Autobedrijf Heijne<\/title>\n<meta name=\"robots\" content=\"index, follow, max-snippet:-1, max-image-preview:large, max-video-preview:-1\" \/>\n<link rel=\"canonical\" href=\"https:\/\/autovoorraad.nl\/fr\/politique-de-confidentialite\/\" \/>\n<meta property=\"og:locale\" content=\"fr_FR\" \/>\n<meta property=\"og:type\" content=\"article\" \/>\n<meta property=\"og:title\" content=\"Politique de confidentialit\u00e9 - Autobedrijf Heijne\" \/>\n<meta property=\"og:url\" content=\"https:\/\/autovoorraad.nl\/fr\/politique-de-confidentialite\/\" \/>\n<meta property=\"og:site_name\" content=\"Autobedrijf Heijne\" \/>\n<meta property=\"article:modified_time\" content=\"2023-01-03T13:38:14+00:00\" \/>\n<meta property=\"og:image\" content=\"https:\/\/autovoorraad.nl\/wp-content\/uploads\/2022\/09\/bram-autobedrijf-heijne-dealer-occasions-first-class-occasions2-scaled-1.jpg\" \/>\n\t<meta property=\"og:image:width\" content=\"2560\" \/>\n\t<meta property=\"og:image:height\" content=\"1370\" \/>\n\t<meta property=\"og:image:type\" content=\"image\/jpeg\" \/>\n<meta name=\"twitter:card\" content=\"summary_large_image\" \/>\n<meta name=\"twitter:label1\" content=\"Dur\u00e9e de lecture estim\u00e9e\" \/>\n\t<meta name=\"twitter:data1\" content=\"5 minutes\" \/>\n<script type=\"application\/ld+json\" class=\"yoast-schema-graph\">{\"@context\":\"https:\/\/schema.org\",\"@graph\":[{\"@type\":\"WebPage\",\"@id\":\"https:\/\/autovoorraad.nl\/fr\/politique-de-confidentialite\/\",\"url\":\"https:\/\/autovoorraad.nl\/fr\/politique-de-confidentialite\/\",\"name\":\"Politique de confidentialit\u00e9 - Autobedrijf Heijne\",\"isPartOf\":{\"@id\":\"https:\/\/autovoorraad.nl\/#website\"},\"primaryImageOfPage\":{\"@id\":\"https:\/\/autovoorraad.nl\/fr\/politique-de-confidentialite\/#primaryimage\"},\"image\":{\"@id\":\"https:\/\/autovoorraad.nl\/fr\/politique-de-confidentialite\/#primaryimage\"},\"thumbnailUrl\":\"https:\/\/autovoorraad.nl\/wp-content\/uploads\/2022\/09\/bram-autobedrijf-heijne-dealer-occasions-first-class-occasions2-scaled-1.jpg\",\"datePublished\":\"2022-11-03T11:19:59+00:00\",\"dateModified\":\"2023-01-03T13:38:14+00:00\",\"breadcrumb\":{\"@id\":\"https:\/\/autovoorraad.nl\/fr\/politique-de-confidentialite\/#breadcrumb\"},\"inLanguage\":\"fr-FR\",\"potentialAction\":[{\"@type\":\"ReadAction\",\"target\":[\"https:\/\/autovoorraad.nl\/fr\/politique-de-confidentialite\/\"]}]},{\"@type\":\"ImageObject\",\"inLanguage\":\"fr-FR\",\"@id\":\"https:\/\/autovoorraad.nl\/fr\/politique-de-confidentialite\/#primaryimage\",\"url\":\"https:\/\/autovoorraad.nl\/wp-content\/uploads\/2022\/09\/bram-autobedrijf-heijne-dealer-occasions-first-class-occasions2-scaled-1.jpg\",\"contentUrl\":\"https:\/\/autovoorraad.nl\/wp-content\/uploads\/2022\/09\/bram-autobedrijf-heijne-dealer-occasions-first-class-occasions2-scaled-1.jpg\",\"width\":2560,\"height\":1370},{\"@type\":\"BreadcrumbList\",\"@id\":\"https:\/\/autovoorraad.nl\/fr\/politique-de-confidentialite\/#breadcrumb\",\"itemListElement\":[{\"@type\":\"ListItem\",\"position\":1,\"name\":\"Home\",\"item\":\"https:\/\/autovoorraad.nl\/fr\/\"},{\"@type\":\"ListItem\",\"position\":2,\"name\":\"Politique de confidentialit\u00e9\"}]},{\"@type\":\"WebSite\",\"@id\":\"https:\/\/autovoorraad.nl\/#website\",\"url\":\"https:\/\/autovoorraad.nl\/\",\"name\":\"Autobedrijf Heijne\",\"description\":\"First Class Occasion Dealer\",\"potentialAction\":[{\"@type\":\"SearchAction\",\"target\":{\"@type\":\"EntryPoint\",\"urlTemplate\":\"https:\/\/autovoorraad.nl\/?s={search_term_string}\"},\"query-input\":{\"@type\":\"PropertyValueSpecification\",\"valueRequired\":true,\"valueName\":\"search_term_string\"}}],\"inLanguage\":\"fr-FR\"}]}<\/script>\n<!-- \/ Yoast SEO plugin. -->","yoast_head_json":{"title":"Politique de confidentialit\u00e9 - Autobedrijf Heijne","robots":{"index":"index","follow":"follow","max-snippet":"max-snippet:-1","max-image-preview":"max-image-preview:large","max-video-preview":"max-video-preview:-1"},"canonical":"https:\/\/autovoorraad.nl\/fr\/politique-de-confidentialite\/","og_locale":"fr_FR","og_type":"article","og_title":"Politique de confidentialit\u00e9 - Autobedrijf Heijne","og_url":"https:\/\/autovoorraad.nl\/fr\/politique-de-confidentialite\/","og_site_name":"Autobedrijf Heijne","article_modified_time":"2023-01-03T13:38:14+00:00","og_image":[{"width":2560,"height":1370,"url":"https:\/\/autovoorraad.nl\/wp-content\/uploads\/2022\/09\/bram-autobedrijf-heijne-dealer-occasions-first-class-occasions2-scaled-1.jpg","type":"image\/jpeg"}],"twitter_card":"summary_large_image","twitter_misc":{"Dur\u00e9e de lecture estim\u00e9e":"5 minutes"},"schema":{"@context":"https:\/\/schema.org","@graph":[{"@type":"WebPage","@id":"https:\/\/autovoorraad.nl\/fr\/politique-de-confidentialite\/","url":"https:\/\/autovoorraad.nl\/fr\/politique-de-confidentialite\/","name":"Politique de confidentialit\u00e9 - Autobedrijf Heijne","isPartOf":{"@id":"https:\/\/autovoorraad.nl\/#website"},"primaryImageOfPage":{"@id":"https:\/\/autovoorraad.nl\/fr\/politique-de-confidentialite\/#primaryimage"},"image":{"@id":"https:\/\/autovoorraad.nl\/fr\/politique-de-confidentialite\/#primaryimage"},"thumbnailUrl":"https:\/\/autovoorraad.nl\/wp-content\/uploads\/2022\/09\/bram-autobedrijf-heijne-dealer-occasions-first-class-occasions2-scaled-1.jpg","datePublished":"2022-11-03T11:19:59+00:00","dateModified":"2023-01-03T13:38:14+00:00","breadcrumb":{"@id":"https:\/\/autovoorraad.nl\/fr\/politique-de-confidentialite\/#breadcrumb"},"inLanguage":"fr-FR","potentialAction":[{"@type":"ReadAction","target":["https:\/\/autovoorraad.nl\/fr\/politique-de-confidentialite\/"]}]},{"@type":"ImageObject","inLanguage":"fr-FR","@id":"https:\/\/autovoorraad.nl\/fr\/politique-de-confidentialite\/#primaryimage","url":"https:\/\/autovoorraad.nl\/wp-content\/uploads\/2022\/09\/bram-autobedrijf-heijne-dealer-occasions-first-class-occasions2-scaled-1.jpg","contentUrl":"https:\/\/autovoorraad.nl\/wp-content\/uploads\/2022\/09\/bram-autobedrijf-heijne-dealer-occasions-first-class-occasions2-scaled-1.jpg","width":2560,"height":1370},{"@type":"BreadcrumbList","@id":"https:\/\/autovoorraad.nl\/fr\/politique-de-confidentialite\/#breadcrumb","itemListElement":[{"@type":"ListItem","position":1,"name":"Home","item":"https:\/\/autovoorraad.nl\/fr\/"},{"@type":"ListItem","position":2,"name":"Politique de confidentialit\u00e9"}]},{"@type":"WebSite","@id":"https:\/\/autovoorraad.nl\/#website","url":"https:\/\/autovoorraad.nl\/","name":"Autobedrijf Heijne","description":"First Class Occasion Dealer","potentialAction":[{"@type":"SearchAction","target":{"@type":"EntryPoint","urlTemplate":"https:\/\/autovoorraad.nl\/?s={search_term_string}"},"query-input":{"@type":"PropertyValueSpecification","valueRequired":true,"valueName":"search_term_string"}}],"inLanguage":"fr-FR"}]}},"_links":{"self":[{"href":"https:\/\/autovoorraad.nl\/fr\/wp-json\/wp\/v2\/pages\/3765","targetHints":{"allow":["GET"]}}],"collection":[{"href":"https:\/\/autovoorraad.nl\/fr\/wp-json\/wp\/v2\/pages"}],"about":[{"href":"https:\/\/autovoorraad.nl\/fr\/wp-json\/wp\/v2\/types\/page"}],"author":[{"embeddable":true,"href":"https:\/\/autovoorraad.nl\/fr\/wp-json\/wp\/v2\/users\/1"}],"replies":[{"embeddable":true,"href":"https:\/\/autovoorraad.nl\/fr\/wp-json\/wp\/v2\/comments?post=3765"}],"version-history":[{"count":6,"href":"https:\/\/autovoorraad.nl\/fr\/wp-json\/wp\/v2\/pages\/3765\/revisions"}],"predecessor-version":[{"id":4806,"href":"https:\/\/autovoorraad.nl\/fr\/wp-json\/wp\/v2\/pages\/3765\/revisions\/4806"}],"wp:featuredmedia":[{"embeddable":true,"href":"https:\/\/autovoorraad.nl\/fr\/wp-json\/wp\/v2\/media\/3356"}],"wp:attachment":[{"href":"https:\/\/autovoorraad.nl\/fr\/wp-json\/wp\/v2\/media?parent=3765"}],"curies":[{"name":"wp","href":"https:\/\/api.w.org\/{rel}","templated":true}]}}