{"id":3551,"date":"2022-11-03T11:25:27","date_gmt":"2022-11-03T11:25:27","guid":{"rendered":"https:\/\/autovoorraad.nl\/haftungsausschluss\/"},"modified":"2023-01-03T13:38:00","modified_gmt":"2023-01-03T13:38:00","slug":"haftungsausschluss","status":"publish","type":"page","link":"https:\/\/autovoorraad.nl\/de\/haftungsausschluss\/","title":{"rendered":"Haftungsausschluss"},"content":{"rendered":"<p><div class=\"fusion-fullwidth fullwidth-box fusion-builder-row-1 fusion-flex-container has-pattern-background has-mask-background fusion-parallax-none hundred-percent-fullwidth non-hundred-percent-height-scrolling\" style=\"--awb-background-position:left top;--awb-border-radius-top-left:0px;--awb-border-radius-top-right:0px;--awb-border-radius-bottom-right:0px;--awb-border-radius-bottom-left:0px;--awb-margin-top:-100px;--awb-margin-bottom:20px;--awb-background-color:var(--awb-color4);--awb-background-image:url(&quot;https:\/\/autovoorraad.nl\/wp-content\/uploads\/2021\/12\/bg-design-footer.png&quot;);--awb-background-size:cover;--awb-flex-wrap:wrap;\" ><div class=\"fusion-builder-row fusion-row fusion-flex-align-items-center fusion-flex-content-wrap\" style=\"width:calc( 100% + 0px ) !important;max-width:calc( 100% + 0px ) !important;margin-left: calc(-0px \/ 2 );margin-right: calc(-0px \/ 2 );\"><div class=\"fusion-layout-column fusion_builder_column fusion-builder-column-0 fusion_builder_column_1_1 1_1 fusion-flex-column\" style=\"--awb-padding-top:18px;--awb-padding-bottom:18px;--awb-bg-size:cover;--awb-width-large:100%;--awb-margin-top-large:0px;--awb-spacing-right-large:0px;--awb-margin-bottom-large:0px;--awb-spacing-left-large:0px;--awb-width-medium:100%;--awb-order-medium:0;--awb-spacing-right-medium:0px;--awb-spacing-left-medium:0px;--awb-width-small:100%;--awb-order-small:0;--awb-spacing-right-small:0px;--awb-spacing-left-small:0px;\"><div class=\"fusion-column-wrapper fusion-column-has-shadow fusion-flex-justify-content-center fusion-content-layout-row fusion-flex-align-items-center\"><\/div><\/div><\/div><\/div><div class=\"fusion-fullwidth fullwidth-box fusion-builder-row-2 fusion-flex-container has-pattern-background has-mask-background nonhundred-percent-fullwidth non-hundred-percent-height-scrolling\" style=\"--awb-border-radius-top-left:0px;--awb-border-radius-top-right:0px;--awb-border-radius-bottom-right:0px;--awb-border-radius-bottom-left:0px;--awb-padding-right:0px;--awb-padding-left:0px;--awb-margin-top:100px;--awb-margin-bottom:100px;--awb-flex-wrap:wrap;\" ><div class=\"fusion-builder-row fusion-row fusion-flex-align-items-flex-start fusion-flex-content-wrap\" style=\"max-width:calc( 1340px + 0px );margin-left: calc(-0px \/ 2 );margin-right: calc(-0px \/ 2 );\"><div class=\"fusion-layout-column fusion_builder_column fusion-builder-column-1 fusion_builder_column_1_1 1_1 fusion-flex-column\" style=\"--awb-bg-size:cover;--awb-width-large:100%;--awb-margin-top-large:0px;--awb-spacing-right-large:0px;--awb-margin-bottom-large:0px;--awb-spacing-left-large:0px;--awb-width-medium:100%;--awb-order-medium:0;--awb-spacing-right-medium:0px;--awb-spacing-left-medium:0px;--awb-width-small:100%;--awb-order-small:0;--awb-spacing-right-small:0px;--awb-spacing-left-small:0px;\"><div class=\"fusion-column-wrapper fusion-column-has-shadow fusion-flex-justify-content-flex-start fusion-content-layout-column\"><div class=\"fusion-text fusion-text-1\"><p>Der Inhalt dieser Website dient der allgemeinen Information. Diese Website wurde mit gr\u00f6\u00dftm\u00f6glicher Sorgfalt zusammengestellt. Trotz der st\u00e4ndigen Sorgfalt und Aufmerksamkeit, die Autobedrijf Heijne dem Inhalt dieser Website widmet, ist es m\u00f6glich, dass die auf dieser Website ver\u00f6ffentlichten Informationen falsch und\/oder unvollst\u00e4ndig sind. Autobedrijf Heijne haftet daher nicht f\u00fcr Sch\u00e4den, die sich aus dem Besuch und der Nutzung dieser Website oder der darauf ver\u00f6ffentlichten Informationen ergeben k\u00f6nnten. Aus dem Inhalt dieser Website k\u00f6nnen in keiner Weise Rechte abgeleitet werden.<\/p>\n<\/div><\/div><\/div><\/div><\/div><\/p>\n","protected":false},"excerpt":{"rendered":"","protected":false},"author":1,"featured_media":3357,"parent":0,"menu_order":0,"comment_status":"closed","ping_status":"closed","template":"100-width.php","meta":{"footnotes":""},"class_list":["post-3551","page","type-page","status-publish","has-post-thumbnail","hentry"],"acf":[],"yoast_head":"<!-- This site is optimized with the Yoast SEO plugin v26.8 - https:\/\/yoast.com\/product\/yoast-seo-wordpress\/ -->\n<title>Haftungsausschluss - Autobedrijf Heijne<\/title>\n<meta name=\"robots\" content=\"index, follow, max-snippet:-1, max-image-preview:large, max-video-preview:-1\" \/>\n<link rel=\"canonical\" href=\"https:\/\/autovoorraad.nl\/de\/haftungsausschluss\/\" \/>\n<meta property=\"og:locale\" content=\"de_DE\" \/>\n<meta property=\"og:type\" content=\"article\" \/>\n<meta property=\"og:title\" content=\"Haftungsausschluss - Autobedrijf Heijne\" \/>\n<meta property=\"og:url\" content=\"https:\/\/autovoorraad.nl\/de\/haftungsausschluss\/\" \/>\n<meta property=\"og:site_name\" content=\"Autobedrijf Heijne\" \/>\n<meta property=\"article:modified_time\" content=\"2023-01-03T13:38:00+00:00\" \/>\n<meta property=\"og:image\" content=\"https:\/\/autovoorraad.nl\/wp-content\/uploads\/2022\/09\/bram-autobedrijf-heijne-dealer-occasions-first-class-occasions2-scaled-1.jpg\" \/>\n\t<meta property=\"og:image:width\" content=\"2560\" \/>\n\t<meta property=\"og:image:height\" content=\"1370\" \/>\n\t<meta property=\"og:image:type\" content=\"image\/jpeg\" \/>\n<meta name=\"twitter:card\" content=\"summary_large_image\" \/>\n<meta name=\"twitter:label1\" content=\"Gesch\u00e4tzte Lesezeit\" \/>\n\t<meta name=\"twitter:data1\" content=\"4\u00a0Minuten\" \/>\n<script type=\"application\/ld+json\" class=\"yoast-schema-graph\">{\"@context\":\"https:\/\/schema.org\",\"@graph\":[{\"@type\":\"WebPage\",\"@id\":\"https:\/\/autovoorraad.nl\/de\/haftungsausschluss\/\",\"url\":\"https:\/\/autovoorraad.nl\/de\/haftungsausschluss\/\",\"name\":\"Haftungsausschluss - Autobedrijf Heijne\",\"isPartOf\":{\"@id\":\"https:\/\/autovoorraad.nl\/#website\"},\"primaryImageOfPage\":{\"@id\":\"https:\/\/autovoorraad.nl\/de\/haftungsausschluss\/#primaryimage\"},\"image\":{\"@id\":\"https:\/\/autovoorraad.nl\/de\/haftungsausschluss\/#primaryimage\"},\"thumbnailUrl\":\"https:\/\/autovoorraad.nl\/wp-content\/uploads\/2022\/09\/bram-autobedrijf-heijne-dealer-occasions-first-class-occasions2-scaled-1.jpg\",\"datePublished\":\"2022-11-03T11:25:27+00:00\",\"dateModified\":\"2023-01-03T13:38:00+00:00\",\"breadcrumb\":{\"@id\":\"https:\/\/autovoorraad.nl\/de\/haftungsausschluss\/#breadcrumb\"},\"inLanguage\":\"de\",\"potentialAction\":[{\"@type\":\"ReadAction\",\"target\":[\"https:\/\/autovoorraad.nl\/de\/haftungsausschluss\/\"]}]},{\"@type\":\"ImageObject\",\"inLanguage\":\"de\",\"@id\":\"https:\/\/autovoorraad.nl\/de\/haftungsausschluss\/#primaryimage\",\"url\":\"https:\/\/autovoorraad.nl\/wp-content\/uploads\/2022\/09\/bram-autobedrijf-heijne-dealer-occasions-first-class-occasions2-scaled-1.jpg\",\"contentUrl\":\"https:\/\/autovoorraad.nl\/wp-content\/uploads\/2022\/09\/bram-autobedrijf-heijne-dealer-occasions-first-class-occasions2-scaled-1.jpg\",\"width\":2560,\"height\":1370},{\"@type\":\"BreadcrumbList\",\"@id\":\"https:\/\/autovoorraad.nl\/de\/haftungsausschluss\/#breadcrumb\",\"itemListElement\":[{\"@type\":\"ListItem\",\"position\":1,\"name\":\"Home\",\"item\":\"https:\/\/autovoorraad.nl\/de\/\"},{\"@type\":\"ListItem\",\"position\":2,\"name\":\"Haftungsausschluss\"}]},{\"@type\":\"WebSite\",\"@id\":\"https:\/\/autovoorraad.nl\/#website\",\"url\":\"https:\/\/autovoorraad.nl\/\",\"name\":\"Autobedrijf Heijne\",\"description\":\"First Class Occasion Dealer\",\"potentialAction\":[{\"@type\":\"SearchAction\",\"target\":{\"@type\":\"EntryPoint\",\"urlTemplate\":\"https:\/\/autovoorraad.nl\/?s={search_term_string}\"},\"query-input\":{\"@type\":\"PropertyValueSpecification\",\"valueRequired\":true,\"valueName\":\"search_term_string\"}}],\"inLanguage\":\"de\"}]}<\/script>\n<!-- \/ Yoast SEO plugin. -->","yoast_head_json":{"title":"Haftungsausschluss - Autobedrijf Heijne","robots":{"index":"index","follow":"follow","max-snippet":"max-snippet:-1","max-image-preview":"max-image-preview:large","max-video-preview":"max-video-preview:-1"},"canonical":"https:\/\/autovoorraad.nl\/de\/haftungsausschluss\/","og_locale":"de_DE","og_type":"article","og_title":"Haftungsausschluss - Autobedrijf Heijne","og_url":"https:\/\/autovoorraad.nl\/de\/haftungsausschluss\/","og_site_name":"Autobedrijf Heijne","article_modified_time":"2023-01-03T13:38:00+00:00","og_image":[{"width":2560,"height":1370,"url":"https:\/\/autovoorraad.nl\/wp-content\/uploads\/2022\/09\/bram-autobedrijf-heijne-dealer-occasions-first-class-occasions2-scaled-1.jpg","type":"image\/jpeg"}],"twitter_card":"summary_large_image","twitter_misc":{"Gesch\u00e4tzte Lesezeit":"4\u00a0Minuten"},"schema":{"@context":"https:\/\/schema.org","@graph":[{"@type":"WebPage","@id":"https:\/\/autovoorraad.nl\/de\/haftungsausschluss\/","url":"https:\/\/autovoorraad.nl\/de\/haftungsausschluss\/","name":"Haftungsausschluss - Autobedrijf Heijne","isPartOf":{"@id":"https:\/\/autovoorraad.nl\/#website"},"primaryImageOfPage":{"@id":"https:\/\/autovoorraad.nl\/de\/haftungsausschluss\/#primaryimage"},"image":{"@id":"https:\/\/autovoorraad.nl\/de\/haftungsausschluss\/#primaryimage"},"thumbnailUrl":"https:\/\/autovoorraad.nl\/wp-content\/uploads\/2022\/09\/bram-autobedrijf-heijne-dealer-occasions-first-class-occasions2-scaled-1.jpg","datePublished":"2022-11-03T11:25:27+00:00","dateModified":"2023-01-03T13:38:00+00:00","breadcrumb":{"@id":"https:\/\/autovoorraad.nl\/de\/haftungsausschluss\/#breadcrumb"},"inLanguage":"de","potentialAction":[{"@type":"ReadAction","target":["https:\/\/autovoorraad.nl\/de\/haftungsausschluss\/"]}]},{"@type":"ImageObject","inLanguage":"de","@id":"https:\/\/autovoorraad.nl\/de\/haftungsausschluss\/#primaryimage","url":"https:\/\/autovoorraad.nl\/wp-content\/uploads\/2022\/09\/bram-autobedrijf-heijne-dealer-occasions-first-class-occasions2-scaled-1.jpg","contentUrl":"https:\/\/autovoorraad.nl\/wp-content\/uploads\/2022\/09\/bram-autobedrijf-heijne-dealer-occasions-first-class-occasions2-scaled-1.jpg","width":2560,"height":1370},{"@type":"BreadcrumbList","@id":"https:\/\/autovoorraad.nl\/de\/haftungsausschluss\/#breadcrumb","itemListElement":[{"@type":"ListItem","position":1,"name":"Home","item":"https:\/\/autovoorraad.nl\/de\/"},{"@type":"ListItem","position":2,"name":"Haftungsausschluss"}]},{"@type":"WebSite","@id":"https:\/\/autovoorraad.nl\/#website","url":"https:\/\/autovoorraad.nl\/","name":"Autobedrijf Heijne","description":"First Class Occasion Dealer","potentialAction":[{"@type":"SearchAction","target":{"@type":"EntryPoint","urlTemplate":"https:\/\/autovoorraad.nl\/?s={search_term_string}"},"query-input":{"@type":"PropertyValueSpecification","valueRequired":true,"valueName":"search_term_string"}}],"inLanguage":"de"}]}},"_links":{"self":[{"href":"https:\/\/autovoorraad.nl\/de\/wp-json\/wp\/v2\/pages\/3551","targetHints":{"allow":["GET"]}}],"collection":[{"href":"https:\/\/autovoorraad.nl\/de\/wp-json\/wp\/v2\/pages"}],"about":[{"href":"https:\/\/autovoorraad.nl\/de\/wp-json\/wp\/v2\/types\/page"}],"author":[{"embeddable":true,"href":"https:\/\/autovoorraad.nl\/de\/wp-json\/wp\/v2\/users\/1"}],"replies":[{"embeddable":true,"href":"https:\/\/autovoorraad.nl\/de\/wp-json\/wp\/v2\/comments?post=3551"}],"version-history":[{"count":4,"href":"https:\/\/autovoorraad.nl\/de\/wp-json\/wp\/v2\/pages\/3551\/revisions"}],"predecessor-version":[{"id":4788,"href":"https:\/\/autovoorraad.nl\/de\/wp-json\/wp\/v2\/pages\/3551\/revisions\/4788"}],"wp:featuredmedia":[{"embeddable":true,"href":"https:\/\/autovoorraad.nl\/de\/wp-json\/wp\/v2\/media\/3357"}],"wp:attachment":[{"href":"https:\/\/autovoorraad.nl\/de\/wp-json\/wp\/v2\/media?parent=3551"}],"curies":[{"name":"wp","href":"https:\/\/api.w.org\/{rel}","templated":true}]}}