{"id":3532,"date":"2022-03-03T14:43:17","date_gmt":"2022-03-03T14:43:17","guid":{"rendered":"https:\/\/autovoorraad.nl\/autoversicherung\/"},"modified":"2023-01-04T11:30:49","modified_gmt":"2023-01-04T11:30:49","slug":"autoversicherung","status":"publish","type":"page","link":"https:\/\/autovoorraad.nl\/de\/autoversicherung\/","title":{"rendered":"Autoversicherung"},"content":{"rendered":"<p><div class=\"fusion-fullwidth fullwidth-box fusion-builder-row-1 fusion-flex-container fusion-parallax-none hundred-percent-fullwidth non-hundred-percent-height-scrolling\" style=\"--awb-background-position:left top;--awb-border-radius-top-left:0px;--awb-border-radius-top-right:0px;--awb-border-radius-bottom-right:0px;--awb-border-radius-bottom-left:0px;--awb-margin-top:-100px;--awb-margin-bottom:120px;--awb-background-color:var(--awb-color4);--awb-background-image:url(&quot;https:\/\/autovoorraad.nl\/wp-content\/uploads\/2021\/12\/bg-design-footer.png&quot;);--awb-background-size:cover;--awb-flex-wrap:wrap;\" ><div class=\"fusion-builder-row fusion-row fusion-flex-align-items-center fusion-flex-content-wrap\" style=\"width:calc( 100% + 0px ) !important;max-width:calc( 100% + 0px ) !important;margin-left: calc(-0px \/ 2 );margin-right: calc(-0px \/ 2 );\"><div class=\"fusion-layout-column fusion_builder_column fusion-builder-column-0 fusion_builder_column_1_1 1_1 fusion-flex-column\" style=\"--awb-padding-top:18px;--awb-padding-bottom:18px;--awb-bg-size:cover;--awb-width-large:100%;--awb-margin-top-large:0px;--awb-spacing-right-large:0px;--awb-margin-bottom-large:0px;--awb-spacing-left-large:0px;--awb-width-medium:100%;--awb-order-medium:0;--awb-spacing-right-medium:0px;--awb-spacing-left-medium:0px;--awb-width-small:100%;--awb-order-small:0;--awb-spacing-right-small:0px;--awb-spacing-left-small:0px;\"><div class=\"fusion-column-wrapper fusion-column-has-shadow fusion-flex-justify-content-center fusion-content-layout-row fusion-flex-align-items-center\"><\/div><\/div><\/div><\/div><div class=\"fusion-fullwidth fullwidth-box fusion-builder-row-2 fusion-flex-container nonhundred-percent-fullwidth non-hundred-percent-height-scrolling\" style=\"--awb-border-radius-top-left:0px;--awb-border-radius-top-right:0px;--awb-border-radius-bottom-right:0px;--awb-border-radius-bottom-left:0px;--awb-margin-top:100px;--awb-margin-bottom:100px;--awb-flex-wrap:wrap;\" ><div class=\"fusion-builder-row fusion-row fusion-flex-align-items-flex-start fusion-flex-justify-content-center fusion-flex-content-wrap\" style=\"max-width:1393.6px;margin-left: calc(-4% \/ 2 );margin-right: calc(-4% \/ 2 );\"><div class=\"fusion-layout-column fusion_builder_column fusion-builder-column-1 fusion_builder_column_1_1 1_1 fusion-flex-column\" style=\"--awb-bg-size:cover;--awb-width-large:100%;--awb-margin-top-large:0px;--awb-spacing-right-large:1.92%;--awb-margin-bottom-large:0px;--awb-spacing-left-large:1.92%;--awb-width-medium:100%;--awb-order-medium:0;--awb-spacing-right-medium:1.92%;--awb-spacing-left-medium:1.92%;--awb-width-small:100%;--awb-order-small:0;--awb-spacing-right-small:1.92%;--awb-spacing-left-small:1.92%;\"><div class=\"fusion-column-wrapper fusion-column-has-shadow fusion-flex-justify-content-flex-start fusion-content-layout-column\"><div class=\"fusion-title title fusion-title-1 fusion-sep-none fusion-title-center fusion-title-text fusion-title-size-three\"><h3 class=\"fusion-title-heading title-heading-center\" style=\"margin:0;text-transform:none;\">Gehen Sie auf Nummer sicher mit der Heijne Car Policy<\/h3><\/div><div class=\"fusion-text fusion-text-1\" style=\"--awb-content-alignment:center;--awb-font-size:var(--awb-custom_typography_1-font-size);--awb-line-height:var(--awb-typography2-line-height);--awb-letter-spacing:var(--awb-typography2-letter-spacing);--awb-text-transform:none;--awb-text-font-family:var(--awb-typography2-font-family);--awb-text-font-weight:var(--awb-typography2-font-weight);--awb-text-font-style:var(--awb-typography2-font-style);\"><p>Ihr Auto ist in guten H\u00e4nden bei Autobedrijf Heijne<\/p>\n<\/div><div class=\"fusion-separator\" style=\"align-self: center;margin-left: auto;margin-right: auto;margin-bottom:25px;width:100%;max-width:50px;\"><div class=\"fusion-separator-border sep-single sep-solid\" style=\"--awb-height:20px;--awb-amount:20px;--awb-sep-color:var(--awb-color5);border-color:var(--awb-color5);border-top-width:3px;\"><\/div><\/div><div class=\"fusion-text fusion-text-2\"><p>In Zusammenarbeit mit Actua bieten wir die Autoversicherung Heijne Autopolis an. Dies ist eine Autoversicherung mit vielen Vorteilen. <span style=\"color: var(--awb-text-color); font-family: var(--awb-text-font-family); font-size: var(--awb-font-size); font-style: var(--awb-text-font-style); letter-spacing: var(--awb-letter-spacing); text-align: var(--awb-content-alignment); text-transform: var(--awb-text-transform); background-color: var(--awb-bg-color);\">Wir haben ein sehr attraktives Zusatzversicherungspaket geschn\u00fcrt, sowohl f\u00fcr Neuwagen als auch f\u00fcr Gebrauchtwagen, die bis zu 8 Jahre alt sind. Nachstehend k\u00f6nnen Sie die wichtigsten Vorteile unserer einzigartigen Autobedrijf Heijne All-risk-Autoversicherung nachlesen.<\/span><\/p>\n<\/div><div class=\"fusion-title title fusion-title-2 fusion-sep-none fusion-title-text fusion-title-size-five\" style=\"--awb-margin-top:50px;\"><h5 class=\"fusion-title-heading title-heading-left\" style=\"margin:0;text-transform:none;line-height:1.5;\">Erweiterte Garantieleistungen<\/h5><\/div><div class=\"fusion-text fusion-text-3\"><p>Eine zus\u00e4tzliche Garantie ist n\u00fctzlich, wenn Sie aufgrund eines defekten Teils unerwartet zum Stillstand kommen, denn Sie m\u00f6chten, dass diese unerwarteten Kosten von der Garantie abgedeckt werden. Mit der All-Risk-Versicherung von Autobedrijf Heijne haben Sie bei Neuwagen 2 Jahre (24 Monate) zus\u00e4tzliche Garantie \u00fcber die Herstellergarantie hinaus und bei Gebrauchtwagen immer 2 Jahre verl\u00e4ngerte Garantie (einschlie\u00dflich der normalen 6-monatigen BOVAG-Garantie) f\u00fcr Fahrzeuge bis zu 8 Jahren (96 Monate) oder 150.000 km.<\/p>\n<\/div><\/div><\/div><div class=\"fusion-layout-column fusion_builder_column fusion-builder-column-2 fusion_builder_column_1_1 1_1 fusion-flex-column\" style=\"--awb-padding-top:4vw;--awb-padding-bottom:5vw;--awb-padding-left:5vw;--awb-bg-image:linear-gradient(90deg, var(--awb-color7) 35%,hsla(var(--awb-color7-h),var(--awb-color7-s),var(--awb-color7-l),calc(var(--awb-color7-a) - 100%)) 70%),url(https:\/\/autovoorraad.nl\/wp-content\/uploads\/2022\/09\/bram-autobedrijf-heijne-dealer-occasions-first-class-occasions2-scaled-1.jpg);;--awb-bg-position:center center;--awb-bg-size:cover;--awb-width-large:100%;--awb-margin-top-large:50px;--awb-spacing-right-large:1.92%;--awb-margin-bottom-large:50px;--awb-spacing-left-large:1.92%;--awb-width-medium:100%;--awb-order-medium:0;--awb-spacing-right-medium:1.92%;--awb-spacing-left-medium:1.92%;--awb-width-small:100%;--awb-order-small:0;--awb-margin-top-small:30px;--awb-spacing-right-small:1.92%;--awb-spacing-left-small:1.92%;\"><div class=\"fusion-column-wrapper fusion-column-has-shadow fusion-flex-justify-content-flex-start fusion-content-layout-column fusion-column-has-bg-image\" data-bg-url=\"https:\/\/autovoorraad.nl\/wp-content\/uploads\/2022\/09\/bram-autobedrijf-heijne-dealer-occasions-first-class-occasions2-scaled-1.jpg\"><div class=\"fusion-title title fusion-title-3 fusion-sep-none fusion-title-text fusion-title-size-three\" style=\"--awb-text-color:var(--awb-color1);\"><h3 class=\"fusion-title-heading title-heading-left\" style=\"margin:0;text-transform:none;\">Die Versicherung mit 2 j\u00e4hriger Laufzeit. Garantie<\/h3><\/div><div class=\"fusion-text fusion-text-4\" style=\"--awb-font-size:28px;--awb-line-height:var(--awb-custom_typography-line-height);--awb-letter-spacing:var(--awb-custom_typography-letter-spacing);--awb-text-transform:var(--awb-custom_typography-text-transform);--awb-text-color:var(--awb-color1);--awb-text-font-family:var(--awb-custom_typography-font-family);--awb-text-font-weight:var(--awb-custom_typography-font-weight);--awb-text-font-style:var(--awb-custom_typography-font-style);\"><p>Heijne Autopolis<\/p>\n<\/div><ul style=\"--awb-iconcolor:var(--awb-color5);--awb-textcolor:var(--awb-color1);--awb-line-height:30.6px;--awb-icon-width:30.6px;--awb-icon-height:30.6px;--awb-icon-margin:12.6px;--awb-content-margin:43.2px;\" class=\"fusion-checklist fusion-checklist-1 fusion-checklist-default type-icons\"><li class=\"fusion-li-item\" style=\"\"><span class=\"icon-wrapper circle-no\"><i class=\"fusion-li-icon awb-cardealership-tick-2x\" aria-hidden=\"true\"><\/i><\/span><div class=\"fusion-li-item-content\">\n<p>100%ige Erstattung bei Totalverlust des Fahrzeugs<\/p>\n<\/div><\/li><li class=\"fusion-li-item\" style=\"\"><span class=\"icon-wrapper circle-no\"><i class=\"fusion-li-icon awb-cardealership-tick-2x\" aria-hidden=\"true\"><\/i><\/span><div class=\"fusion-li-item-content\">\n<p>Erweiterte Garantieabdeckung f\u00fcr Teile<\/p>\n<\/div><\/li><li class=\"fusion-li-item\" style=\"\"><span class=\"icon-wrapper circle-no\"><i class=\"fusion-li-icon awb-cardealership-tick-2x\" aria-hidden=\"true\"><\/i><\/span><div class=\"fusion-li-item-content\">\n<p>Umfassender Pannenhilfe-Schutz<\/p>\n<\/div><\/li><li class=\"fusion-li-item\" style=\"\"><span class=\"icon-wrapper circle-no\"><i class=\"fusion-li-icon awb-cardealership-tick-2x\" aria-hidden=\"true\"><\/i><\/span><div class=\"fusion-li-item-content\">\n<p>Zus\u00e4tzliche Deckung \u00fcber die Versicherungssumme hinaus<\/p>\n<\/div><\/li><\/ul><div ><a class=\"fusion-button button-flat button-large button-default fusion-button-default button-1 fusion-button-default-span fusion-button-default-type\" style=\"--button_text_transform:none;--button_margin-top:20px;\" target=\"_self\" href=\"https:\/\/autovoorraad.nl\/wp-content\/uploads\/2022\/09\/heijne-autopolis-1.0-20210114.pdf\"><span class=\"fusion-button-text awb-button__text awb-button__text--default\">FOLDER ANSEHEN<\/span><\/a><\/div><\/div><\/div><div class=\"fusion-layout-column fusion_builder_column fusion-builder-column-3 fusion_builder_column_1_1 1_1 fusion-flex-column\" style=\"--awb-bg-size:cover;--awb-width-large:100%;--awb-margin-top-large:0px;--awb-spacing-right-large:1.92%;--awb-margin-bottom-large:0px;--awb-spacing-left-large:1.92%;--awb-width-medium:100%;--awb-order-medium:0;--awb-spacing-right-medium:1.92%;--awb-spacing-left-medium:1.92%;--awb-width-small:100%;--awb-order-small:0;--awb-margin-top-small:50px;--awb-spacing-right-small:1.92%;--awb-spacing-left-small:1.92%;\"><div class=\"fusion-column-wrapper fusion-column-has-shadow fusion-flex-justify-content-flex-start fusion-content-layout-column\"><div class=\"fusion-title title fusion-title-4 fusion-sep-none fusion-title-text fusion-title-size-five\"><h5 class=\"fusion-title-heading title-heading-left\" style=\"margin:0;text-transform:none;line-height:1.5;\">Behalten Sie immer Ihre Garantie<\/h5><\/div><div class=\"fusion-text fusion-text-5 fusion-text-no-margin\" style=\"--awb-margin-bottom:60px;\"><p>Die Pannenhilfe und der Garantieschutz unserer All-Risk-Versicherung bleiben g\u00fcltig, wenn Sie das Auto jedes Jahr rechtzeitig bei Autobedrijf Heijne warten lassen und das Auto weiterhin All-Risk-versichert bleibt. Die erweiterte Garantie erlischt jedoch nach 2 Jahren und\/oder wenn das Fahrzeug \u00e4lter als 96 Monate ist oder die Laufleistung 150.000 km \u00fcberschreitet.<\/p>\n<\/div><div class=\"fusion-builder-row fusion-builder-row-inner fusion-row fusion-flex-align-items-flex-start fusion-flex-justify-content-center fusion-flex-content-wrap\" style=\"width:104% !important;max-width:104% !important;margin-left: calc(-4% \/ 2 );margin-right: calc(-4% \/ 2 );\"><div class=\"fusion-layout-column fusion_builder_column_inner fusion-builder-nested-column-0 fusion_builder_column_inner_1_2 1_2 fusion-flex-column fusion-flex-align-self-center\" style=\"--awb-bg-size:cover;--awb-width-large:50%;--awb-margin-top-large:0px;--awb-spacing-right-large:3.84%;--awb-margin-bottom-large:0px;--awb-spacing-left-large:3.84%;--awb-width-medium:50%;--awb-order-medium:0;--awb-spacing-right-medium:3.84%;--awb-spacing-left-medium:3.84%;--awb-width-small:100%;--awb-order-small:0;--awb-spacing-right-small:1.92%;--awb-spacing-left-small:1.92%;\"><div class=\"fusion-column-wrapper fusion-column-has-shadow fusion-flex-justify-content-flex-start fusion-content-layout-column\"><div class=\"fusion-title title fusion-title-5 fusion-sep-none fusion-title-text fusion-title-size-five\"><h5 class=\"fusion-title-heading title-heading-left\" style=\"margin:0;text-transform:none;line-height:1.5;\">Umfassende Pannenhilfe im gr\u00f6\u00dften Teil der EU<\/h5><\/div><div class=\"fusion-text fusion-text-6\"><p>Es ist sehr \u00e4rgerlich, wenn man mit einer Panne stecken bleibt. Dann ist es gut zu wissen, dass Sie mit der All-Risk-Autoversicherung von Autobedrijf Heijne auch von einem 24\/7-Pannenhilfe-Service profitieren k\u00f6nnen! Ob in Ihrer Heimatstadt, in den Niederlanden oder anderswo in Europa, die Notrufzentrale von Actua Breakdown Assistance hilft Ihnen.<\/p>\n<p>In den meisten F\u00e4llen wird Ihr Auto an Ort und Stelle repariert. Aber wenn es keine andere M\u00f6glichkeit gibt, wird Ihr Auto in eine Werkstatt gebracht. Das ist normalerweise Ihre eigene Autofirma. Und wenn Sie im Ausland eine Panne haben, werden Ihr Auto und seine Insassen in die Niederlande transportiert. Wenn das kein Service ist!<\/p>\n<\/div><\/div><\/div><div class=\"fusion-layout-column fusion_builder_column_inner fusion-builder-nested-column-1 fusion_builder_column_inner_1_2 1_2 fusion-flex-column\" style=\"--awb-bg-size:cover;--awb-width-large:50%;--awb-margin-top-large:0px;--awb-spacing-right-large:3.84%;--awb-margin-bottom-large:0px;--awb-spacing-left-large:3.84%;--awb-width-medium:50%;--awb-order-medium:0;--awb-spacing-right-medium:3.84%;--awb-spacing-left-medium:3.84%;--awb-width-small:100%;--awb-order-small:0;--awb-spacing-right-small:1.92%;--awb-spacing-left-small:1.92%;\"><div class=\"fusion-column-wrapper fusion-column-has-shadow fusion-flex-justify-content-flex-start fusion-content-layout-column\"><div class=\"fusion-image-element \" style=\"--awb-aspect-ratio:4 \/ 3;--awb-object-position:46% 0%;--awb-margin-top-small:30px;--awb-caption-title-font-family:var(--h2_typography-font-family);--awb-caption-title-font-weight:var(--h2_typography-font-weight);--awb-caption-title-font-style:var(--h2_typography-font-style);--awb-caption-title-size:var(--h2_typography-font-size);--awb-caption-title-transform:var(--h2_typography-text-transform);--awb-caption-title-line-height:var(--h2_typography-line-height);--awb-caption-title-letter-spacing:var(--h2_typography-letter-spacing);\"><span class=\" fusion-imageframe imageframe-none imageframe-1 hover-type-none has-aspect-ratio\"><img decoding=\"async\" width=\"1724\" height=\"1478\" title=\"heijne-pechhulp\" src=\"https:\/\/autovoorraad.nl\/wp-content\/uploads\/2022\/09\/heijne-pechhulp.jpg\" class=\"img-responsive wp-image-3417 img-with-aspect-ratio\" data-parent-fit=\"cover\" data-parent-container=\".fusion-image-element\" alt srcset=\"https:\/\/autovoorraad.nl\/wp-content\/uploads\/2022\/09\/heijne-pechhulp-200x171.jpg 200w, https:\/\/autovoorraad.nl\/wp-content\/uploads\/2022\/09\/heijne-pechhulp-400x343.jpg 400w, https:\/\/autovoorraad.nl\/wp-content\/uploads\/2022\/09\/heijne-pechhulp-600x514.jpg 600w, https:\/\/autovoorraad.nl\/wp-content\/uploads\/2022\/09\/heijne-pechhulp-800x686.jpg 800w, https:\/\/autovoorraad.nl\/wp-content\/uploads\/2022\/09\/heijne-pechhulp-1200x1029.jpg 1200w, https:\/\/autovoorraad.nl\/wp-content\/uploads\/2022\/09\/heijne-pechhulp.jpg 1724w\" sizes=\"(max-width: 800px) 100vw, 800px\" \/><\/span><\/div><\/div><\/div><\/div><\/div><\/div><\/div><\/div><\/p>\n","protected":false},"excerpt":{"rendered":"","protected":false},"author":1,"featured_media":3414,"parent":0,"menu_order":0,"comment_status":"closed","ping_status":"closed","template":"100-width.php","meta":{"footnotes":""},"class_list":["post-3532","page","type-page","status-publish","has-post-thumbnail","hentry"],"acf":[],"yoast_head":"<!-- This site is optimized with the Yoast SEO plugin v26.8 - https:\/\/yoast.com\/product\/yoast-seo-wordpress\/ -->\n<title>Autoversicherung - Autobedrijf Heijne<\/title>\n<meta name=\"robots\" content=\"index, follow, max-snippet:-1, max-image-preview:large, max-video-preview:-1\" \/>\n<link rel=\"canonical\" href=\"https:\/\/autovoorraad.nl\/de\/autoversicherung\/\" \/>\n<meta property=\"og:locale\" content=\"de_DE\" \/>\n<meta property=\"og:type\" content=\"article\" \/>\n<meta property=\"og:title\" content=\"Autoversicherung - Autobedrijf Heijne\" \/>\n<meta property=\"og:url\" content=\"https:\/\/autovoorraad.nl\/de\/autoversicherung\/\" \/>\n<meta property=\"og:site_name\" content=\"Autobedrijf Heijne\" \/>\n<meta property=\"article:modified_time\" content=\"2023-01-04T11:30:49+00:00\" \/>\n<meta property=\"og:image\" content=\"https:\/\/autovoorraad.nl\/wp-content\/uploads\/2022\/09\/heijne-autopolis-2.jpg\" \/>\n\t<meta property=\"og:image:width\" content=\"1920\" \/>\n\t<meta property=\"og:image:height\" content=\"650\" \/>\n\t<meta property=\"og:image:type\" content=\"image\/jpeg\" \/>\n<meta name=\"twitter:card\" content=\"summary_large_image\" \/>\n<meta name=\"twitter:label1\" content=\"Gesch\u00e4tzte Lesezeit\" \/>\n\t<meta name=\"twitter:data1\" content=\"13\u00a0Minuten\" \/>\n<script type=\"application\/ld+json\" class=\"yoast-schema-graph\">{\"@context\":\"https:\/\/schema.org\",\"@graph\":[{\"@type\":\"WebPage\",\"@id\":\"https:\/\/autovoorraad.nl\/de\/autoversicherung\/\",\"url\":\"https:\/\/autovoorraad.nl\/de\/autoversicherung\/\",\"name\":\"Autoversicherung - Autobedrijf Heijne\",\"isPartOf\":{\"@id\":\"https:\/\/autovoorraad.nl\/#website\"},\"primaryImageOfPage\":{\"@id\":\"https:\/\/autovoorraad.nl\/de\/autoversicherung\/#primaryimage\"},\"image\":{\"@id\":\"https:\/\/autovoorraad.nl\/de\/autoversicherung\/#primaryimage\"},\"thumbnailUrl\":\"https:\/\/autovoorraad.nl\/wp-content\/uploads\/2022\/09\/heijne-autopolis-2.jpg\",\"datePublished\":\"2022-03-03T14:43:17+00:00\",\"dateModified\":\"2023-01-04T11:30:49+00:00\",\"breadcrumb\":{\"@id\":\"https:\/\/autovoorraad.nl\/de\/autoversicherung\/#breadcrumb\"},\"inLanguage\":\"de\",\"potentialAction\":[{\"@type\":\"ReadAction\",\"target\":[\"https:\/\/autovoorraad.nl\/de\/autoversicherung\/\"]}]},{\"@type\":\"ImageObject\",\"inLanguage\":\"de\",\"@id\":\"https:\/\/autovoorraad.nl\/de\/autoversicherung\/#primaryimage\",\"url\":\"https:\/\/autovoorraad.nl\/wp-content\/uploads\/2022\/09\/heijne-autopolis-2.jpg\",\"contentUrl\":\"https:\/\/autovoorraad.nl\/wp-content\/uploads\/2022\/09\/heijne-autopolis-2.jpg\",\"width\":1920,\"height\":650},{\"@type\":\"BreadcrumbList\",\"@id\":\"https:\/\/autovoorraad.nl\/de\/autoversicherung\/#breadcrumb\",\"itemListElement\":[{\"@type\":\"ListItem\",\"position\":1,\"name\":\"Home\",\"item\":\"https:\/\/autovoorraad.nl\/de\/\"},{\"@type\":\"ListItem\",\"position\":2,\"name\":\"Autoversicherung\"}]},{\"@type\":\"WebSite\",\"@id\":\"https:\/\/autovoorraad.nl\/#website\",\"url\":\"https:\/\/autovoorraad.nl\/\",\"name\":\"Autobedrijf Heijne\",\"description\":\"First Class Occasion Dealer\",\"potentialAction\":[{\"@type\":\"SearchAction\",\"target\":{\"@type\":\"EntryPoint\",\"urlTemplate\":\"https:\/\/autovoorraad.nl\/?s={search_term_string}\"},\"query-input\":{\"@type\":\"PropertyValueSpecification\",\"valueRequired\":true,\"valueName\":\"search_term_string\"}}],\"inLanguage\":\"de\"}]}<\/script>\n<!-- \/ Yoast SEO plugin. -->","yoast_head_json":{"title":"Autoversicherung - Autobedrijf Heijne","robots":{"index":"index","follow":"follow","max-snippet":"max-snippet:-1","max-image-preview":"max-image-preview:large","max-video-preview":"max-video-preview:-1"},"canonical":"https:\/\/autovoorraad.nl\/de\/autoversicherung\/","og_locale":"de_DE","og_type":"article","og_title":"Autoversicherung - Autobedrijf Heijne","og_url":"https:\/\/autovoorraad.nl\/de\/autoversicherung\/","og_site_name":"Autobedrijf Heijne","article_modified_time":"2023-01-04T11:30:49+00:00","og_image":[{"width":1920,"height":650,"url":"https:\/\/autovoorraad.nl\/wp-content\/uploads\/2022\/09\/heijne-autopolis-2.jpg","type":"image\/jpeg"}],"twitter_card":"summary_large_image","twitter_misc":{"Gesch\u00e4tzte Lesezeit":"13\u00a0Minuten"},"schema":{"@context":"https:\/\/schema.org","@graph":[{"@type":"WebPage","@id":"https:\/\/autovoorraad.nl\/de\/autoversicherung\/","url":"https:\/\/autovoorraad.nl\/de\/autoversicherung\/","name":"Autoversicherung - Autobedrijf Heijne","isPartOf":{"@id":"https:\/\/autovoorraad.nl\/#website"},"primaryImageOfPage":{"@id":"https:\/\/autovoorraad.nl\/de\/autoversicherung\/#primaryimage"},"image":{"@id":"https:\/\/autovoorraad.nl\/de\/autoversicherung\/#primaryimage"},"thumbnailUrl":"https:\/\/autovoorraad.nl\/wp-content\/uploads\/2022\/09\/heijne-autopolis-2.jpg","datePublished":"2022-03-03T14:43:17+00:00","dateModified":"2023-01-04T11:30:49+00:00","breadcrumb":{"@id":"https:\/\/autovoorraad.nl\/de\/autoversicherung\/#breadcrumb"},"inLanguage":"de","potentialAction":[{"@type":"ReadAction","target":["https:\/\/autovoorraad.nl\/de\/autoversicherung\/"]}]},{"@type":"ImageObject","inLanguage":"de","@id":"https:\/\/autovoorraad.nl\/de\/autoversicherung\/#primaryimage","url":"https:\/\/autovoorraad.nl\/wp-content\/uploads\/2022\/09\/heijne-autopolis-2.jpg","contentUrl":"https:\/\/autovoorraad.nl\/wp-content\/uploads\/2022\/09\/heijne-autopolis-2.jpg","width":1920,"height":650},{"@type":"BreadcrumbList","@id":"https:\/\/autovoorraad.nl\/de\/autoversicherung\/#breadcrumb","itemListElement":[{"@type":"ListItem","position":1,"name":"Home","item":"https:\/\/autovoorraad.nl\/de\/"},{"@type":"ListItem","position":2,"name":"Autoversicherung"}]},{"@type":"WebSite","@id":"https:\/\/autovoorraad.nl\/#website","url":"https:\/\/autovoorraad.nl\/","name":"Autobedrijf Heijne","description":"First Class Occasion Dealer","potentialAction":[{"@type":"SearchAction","target":{"@type":"EntryPoint","urlTemplate":"https:\/\/autovoorraad.nl\/?s={search_term_string}"},"query-input":{"@type":"PropertyValueSpecification","valueRequired":true,"valueName":"search_term_string"}}],"inLanguage":"de"}]}},"_links":{"self":[{"href":"https:\/\/autovoorraad.nl\/de\/wp-json\/wp\/v2\/pages\/3532","targetHints":{"allow":["GET"]}}],"collection":[{"href":"https:\/\/autovoorraad.nl\/de\/wp-json\/wp\/v2\/pages"}],"about":[{"href":"https:\/\/autovoorraad.nl\/de\/wp-json\/wp\/v2\/types\/page"}],"author":[{"embeddable":true,"href":"https:\/\/autovoorraad.nl\/de\/wp-json\/wp\/v2\/users\/1"}],"replies":[{"embeddable":true,"href":"https:\/\/autovoorraad.nl\/de\/wp-json\/wp\/v2\/comments?post=3532"}],"version-history":[{"count":19,"href":"https:\/\/autovoorraad.nl\/de\/wp-json\/wp\/v2\/pages\/3532\/revisions"}],"predecessor-version":[{"id":4966,"href":"https:\/\/autovoorraad.nl\/de\/wp-json\/wp\/v2\/pages\/3532\/revisions\/4966"}],"wp:featuredmedia":[{"embeddable":true,"href":"https:\/\/autovoorraad.nl\/de\/wp-json\/wp\/v2\/media\/3414"}],"wp:attachment":[{"href":"https:\/\/autovoorraad.nl\/de\/wp-json\/wp\/v2\/media?parent=3532"}],"curies":[{"name":"wp","href":"https:\/\/api.w.org\/{rel}","templated":true}]}}